{"id":17,"date":"2011-02-08T11:56:33","date_gmt":"2011-02-08T11:56:33","guid":{"rendered":"http:\/\/tummoscheit.de\/Wordpress\/?page_id=17"},"modified":"2013-03-04T15:26:11","modified_gmt":"2013-03-04T14:26:11","slug":"ahnenforschung","status":"publish","type":"page","link":"https:\/\/www.tummoscheit.de\/en\/tummoscheit-gestern\/ahnenforschung\/","title":{"rendered":"Genealogy"},"content":{"rendered":"<p>Der Name <strong>TUMMOSCHEIT<\/strong> existiert in dieser Schreibweise recht selten in Deutschland. Das Telefonbuch hat 18 Eintr\u00e4ge zu diesem Namen. Diese Seltenheit des Namens und die damit verbundenen unendlich vielen meist haarstr\u00e4ubenden Schreibweisen, haben mich bewegt mehr \u00fcber den Namen und seine Tr\u00e4ger erfahren zu wollen.<\/p>\n<p>Wie f\u00fcr viele waren die \u00fcberlieferten Dokumente des &#8222;Arier-Nachweises&#8220;\u00a0 ein erste Ansatzpunkt, um sich mit den bisher unbekannten Vorfahren auseinander zu setzten.Die weiterf\u00fchrenden Forschungen bei den Mormonen und in verschiedenen Archiven haben einen bisherigen Urahn zum Vorschein gebracht, der gegen 1720 in Ostpreu\u00dfen geboren wurde.<\/p>\n<p>W\u00e4hrend der Forschungen wurde eine Unzahl von verschiedenen Personendaten erfasst, die auf den n\u00e4chsten Seiten nachgelesen werden k\u00f6nnen. Ich freue mich jederzeit \u00fcber den Kontakt von anderen Forschern, die mit den gleichen Familiennamen arbeiten bzw. einzelne L\u00fccken schlie\u00dfen k\u00f6nnen.<\/p>\n<p>Das t\u00e4gliche Radioh\u00f6ren auf dem Berliner Sender Radio1 brachte dann die z\u00fcndende Idee, sich abschlie\u00dfend die Namensherkunft von einem Fachmann erkl\u00e4ren zu lassen. Und Prof. Dr. Udolph konnte auch tats\u00e4chlich helfen.<\/p>\n<p>Erkl\u00e4rung: Tumosaitis ist der orginal Litauische Name. &#8222;Tumo&#8220; = Form von Thomas und &#8222;saitis&#8220; = Nachfolger von Thomas<\/p>\n<p>Diese und weitere Namenserkl\u00e4rungen finden Sie auf dieser <a href=\"http:\/\/www.radioeins.de\/programm\/sendungen\/eins_am_vormittag\/numen_nomen_namen\/namen\/index.html\" target=\"_blank\">Seite<\/a>.<\/p>","protected":false},"excerpt":{"rendered":"<p>Der Name TUMMOSCHEIT existiert in dieser Schreibweise recht selten in Deutschland. Das Telefonbuch hat 18 Eintr\u00e4ge zu diesem Namen. Diese Seltenheit des Namens und die damit verbundenen unendlich vielen meist haarstr\u00e4ubenden Schreibweisen, haben mich bewegt mehr \u00fcber den Namen und seine Tr\u00e4ger erfahren zu wollen. Wie f\u00fcr viele waren die \u00fcberlieferten Dokumente des &#8222;Arier-Nachweises&#8220;\u00a0 ein [&hellip;]<\/p>\n","protected":false},"author":1,"featured_media":0,"parent":15,"menu_order":0,"comment_status":"closed","ping_status":"closed","template":"template-onecolumn.php","meta":{"footnotes":""},"class_list":["post-17","page","type-page","status-publish","hentry"],"_links":{"self":[{"href":"https:\/\/www.tummoscheit.de\/en\/wp-json\/wp\/v2\/pages\/17","targetHints":{"allow":["GET"]}}],"collection":[{"href":"https:\/\/www.tummoscheit.de\/en\/wp-json\/wp\/v2\/pages"}],"about":[{"href":"https:\/\/www.tummoscheit.de\/en\/wp-json\/wp\/v2\/types\/page"}],"author":[{"embeddable":true,"href":"https:\/\/www.tummoscheit.de\/en\/wp-json\/wp\/v2\/users\/1"}],"replies":[{"embeddable":true,"href":"https:\/\/www.tummoscheit.de\/en\/wp-json\/wp\/v2\/comments?post=17"}],"version-history":[{"count":0,"href":"https:\/\/www.tummoscheit.de\/en\/wp-json\/wp\/v2\/pages\/17\/revisions"}],"up":[{"embeddable":true,"href":"https:\/\/www.tummoscheit.de\/en\/wp-json\/wp\/v2\/pages\/15"}],"wp:attachment":[{"href":"https:\/\/www.tummoscheit.de\/en\/wp-json\/wp\/v2\/media?parent=17"}],"curies":[{"name":"wp","href":"https:\/\/api.w.org\/{rel}","templated":true}]}}