{"id":238,"date":"2011-02-13T19:55:11","date_gmt":"2011-02-13T19:55:11","guid":{"rendered":"http:\/\/tummoscheit.de\/Wordpress\/"},"modified":"2026-02-13T13:37:57","modified_gmt":"2026-02-13T12:37:57","slug":"disclaimer","status":"publish","type":"page","link":"https:\/\/www.tummoscheit.de\/en\/kontakt\/disclaimer\/","title":{"rendered":"Disclaimer"},"content":{"rendered":"<p><strong>Disclaimer<\/strong><\/p>\n<p><b>Source<\/b>: eRecht24.de \u2013 Internet Law by Attorney S\u00f6ren Siebert<\/p>\n<p><b><b>Liability for Content<\/b><\/b><\/p>\n<p>The contents of our pages have been created with the utmost care. However, we cannot guarantee the accuracy, completeness, or timeliness of the content.<\/p>\n<p>As a service provider, we are responsible for our own content on these pages in accordance with general laws pursuant to Section 7 (1) of the German Telemedia Act (TMG). However, pursuant to Sections 8 to 10 TMG, we are not obligated as a service provider to monitor transmitted or stored third-party information or to investigate circumstances that indicate illegal activity. Obligations to remove or block the use of information under general laws remain unaffected by this. Liability in this regard is, however, only possible from the time of knowledge of a specific legal violation. Upon becoming aware of such legal violations, we will remove the relevant content immediately.<\/p>\n<p><b><b>Liability for Links<\/b><\/b><\/p>\n<p>Our website contains links to external third-party websites over whose content we have no influence. Therefore, we cannot assume any liability for such external content. The respective provider or operator of the linked pages is always responsible for their content. The linked pages were checked for possible legal violations at the time of linking. No unlawful content was identifiable at the time of linking. Permanent monitoring of the content of linked pages is, however, not reasonable without concrete evidence of a legal violation. Upon becoming aware of any legal violations, we will remove such links immediately.<\/p>\n<p><b><b>Copyright <\/b><\/b><\/p>\n<p>The content and works created by the site operators on these pages are subject to German copyright law. Reproduction, editing, distribution, and any kind of use outside the limits of copyright law require the written consent of the respective author or creator. Downloads and copies of this site are permitted for private, non-commercial use only. Insofar as the content on this site was not created by the operator, the copyrights of third parties are respected. In particular, third-party content is identified as such. Should you nevertheless become aware of a copyright infringement, please inform us accordingly. Upon becoming aware of legal violations, we will remove such content immediately.<\/p>\n<p>&nbsp;<\/p>","protected":false},"excerpt":{"rendered":"<p>Haftungsausschluss (Disclaimer) Quelle: eRecht24.de &#8211; Internetrecht von Rechtsanwalt S\u00f6ren Siebert Haftung f\u00fcr Inhalte Die Inhalte unserer Seiten wurden mit gr\u00f6\u00dfter Sorgfalt erstellt. F\u00fcr die Richtigkeit, Vollst\u00e4ndigkeit und Aktualit\u00e4t der Inhalte k\u00f6nnen wir jedoch keine Gew\u00e4hr \u00fcbernehmen. Als Diensteanbieter sind wir gem\u00e4\u00df \u00a7 7 Abs.1 TMG f\u00fcr eigene Inhalte auf diesen Seiten nach den allgemeinen Gesetzen [&hellip;]<\/p>\n","protected":false},"author":1,"featured_media":0,"parent":235,"menu_order":0,"comment_status":"closed","ping_status":"closed","template":"","meta":{"footnotes":""},"class_list":["post-238","page","type-page","status-publish","hentry"],"_links":{"self":[{"href":"https:\/\/www.tummoscheit.de\/en\/wp-json\/wp\/v2\/pages\/238","targetHints":{"allow":["GET"]}}],"collection":[{"href":"https:\/\/www.tummoscheit.de\/en\/wp-json\/wp\/v2\/pages"}],"about":[{"href":"https:\/\/www.tummoscheit.de\/en\/wp-json\/wp\/v2\/types\/page"}],"author":[{"embeddable":true,"href":"https:\/\/www.tummoscheit.de\/en\/wp-json\/wp\/v2\/users\/1"}],"replies":[{"embeddable":true,"href":"https:\/\/www.tummoscheit.de\/en\/wp-json\/wp\/v2\/comments?post=238"}],"version-history":[{"count":4,"href":"https:\/\/www.tummoscheit.de\/en\/wp-json\/wp\/v2\/pages\/238\/revisions"}],"predecessor-version":[{"id":1944,"href":"https:\/\/www.tummoscheit.de\/en\/wp-json\/wp\/v2\/pages\/238\/revisions\/1944"}],"up":[{"embeddable":true,"href":"https:\/\/www.tummoscheit.de\/en\/wp-json\/wp\/v2\/pages\/235"}],"wp:attachment":[{"href":"https:\/\/www.tummoscheit.de\/en\/wp-json\/wp\/v2\/media?parent=238"}],"curies":[{"name":"wp","href":"https:\/\/api.w.org\/{rel}","templated":true}]}}