{"id":302,"date":"2011-02-14T12:12:39","date_gmt":"2011-02-14T12:12:39","guid":{"rendered":"http:\/\/tummoscheit.de\/Wordpress\/"},"modified":"2011-02-23T07:53:50","modified_gmt":"2011-02-23T07:53:50","slug":"benutzerzugang-beantragen","status":"publish","type":"page","link":"https:\/\/www.tummoscheit.de\/en\/tummoscheit-gestern\/benutzerzugang-beantragen\/","title":{"rendered":"Benutzerzugang beantragen"},"content":{"rendered":"<p>Um die pers\u00f6nlichen Rechte noch lebender Namenstr\u00e4ger zu waren sind diese nur einsehbar, wenn man als registrierter Nutzer angemeldet ist. Diese Anmeldung ist nur f\u00fcr Familienmitglieder m\u00f6glich. Bitte melden Sie sich daher an. Bitte \u00fcbersenden Sie uns Ihre Anfrage mit dem folgenden Kontaktformular.<\/p>\n\n<!-- iframe plugin v.6.0 wordpress.org\/plugins\/iframe\/ -->\n<iframe 0=\"http:\/\/www.tummoscheit.de\/TNG\/newacctform.php\" 1=\"920\" 2=\"1000\" width=\"100%\" height=\"500\" scrolling=\"yes\" class=\"iframe-class\" frameborder=\"0\"><\/iframe>","protected":false},"excerpt":{"rendered":"<p>Um die pers\u00f6nlichen Rechte noch lebender Namenstr\u00e4ger zu waren sind diese nur einsehbar, wenn man als registrierter Nutzer angemeldet ist. Diese Anmeldung ist nur f\u00fcr Familienmitglieder m\u00f6glich. Bitte melden Sie sich daher an. Bitte \u00fcbersenden Sie uns Ihre Anfrage mit dem folgenden Kontaktformular.<\/p>","protected":false},"author":1,"featured_media":0,"parent":15,"menu_order":0,"comment_status":"closed","ping_status":"closed","template":"template-onecolumn.php","meta":{"footnotes":""},"class_list":["post-302","page","type-page","status-publish","hentry"],"_links":{"self":[{"href":"https:\/\/www.tummoscheit.de\/en\/wp-json\/wp\/v2\/pages\/302","targetHints":{"allow":["GET"]}}],"collection":[{"href":"https:\/\/www.tummoscheit.de\/en\/wp-json\/wp\/v2\/pages"}],"about":[{"href":"https:\/\/www.tummoscheit.de\/en\/wp-json\/wp\/v2\/types\/page"}],"author":[{"embeddable":true,"href":"https:\/\/www.tummoscheit.de\/en\/wp-json\/wp\/v2\/users\/1"}],"replies":[{"embeddable":true,"href":"https:\/\/www.tummoscheit.de\/en\/wp-json\/wp\/v2\/comments?post=302"}],"version-history":[{"count":0,"href":"https:\/\/www.tummoscheit.de\/en\/wp-json\/wp\/v2\/pages\/302\/revisions"}],"up":[{"embeddable":true,"href":"https:\/\/www.tummoscheit.de\/en\/wp-json\/wp\/v2\/pages\/15"}],"wp:attachment":[{"href":"https:\/\/www.tummoscheit.de\/en\/wp-json\/wp\/v2\/media?parent=302"}],"curies":[{"name":"wp","href":"https:\/\/api.w.org\/{rel}","templated":true}]}}