{"id":78,"date":"2011-02-08T20:14:50","date_gmt":"2011-02-08T20:14:50","guid":{"rendered":"http:\/\/tummoscheit.de\/Wordpress\/"},"modified":"2019-03-05T13:53:48","modified_gmt":"2019-03-05T12:53:48","slug":"start","status":"publish","type":"page","link":"https:\/\/www.tummoscheit.de\/en\/","title":{"rendered":"Welcome to the Family TUMMOSCHEIT Homepage!"},"content":{"rendered":"<p style=\"text-align: justify;\">It\u2019s done \u2013 Our Homepage is online with a new Layout and a lot of Information.<\/p>\n<p style=\"text-align: justify;\">Here you will find all Information about the living Members of the TUMMOSCHEIT Family from Berlin (Germany). <strong>TUMMOSCHEIT<\/strong> aus Berlin, erh\u00e4lt man einen \u00dcberblick \u00fcber die direkten Vorfahren unserer Familie und deren Namensvettern, welche vorwiegend aus dem ehemaligen Ostpreu\u00dfen stammen.<\/p>\n<p style=\"text-align: justify;\">Because of the great research done by my uncles Ferdinand Nikolaus Spangenberg we were able to add our ancestors from the Family SPANGENBERG , DETTE and RITZENHOFF too. <strong>SPANGENBERG, DETTE<\/strong> und <strong> RITZENHOFF<\/strong> der Datenbank zu erfassen. Damit sind nun auch die Vorfahren meiner Mutter pr\u00e4sentiert. Schwerpunkt dieser Forschungen sind Orte in Th\u00fcringen und Nordrhein Westfalen.<\/p>\n<p style=\"text-align: justify;\">Both branches were almost researched until the early 1600 Century.\nFurthermore you will find a Database which host the most of our Anrestors and namesakes.<\/p>\n<p style=\"text-align: justify;\">\nWe looking forward to get in touch with other Tummoscheits (or namesakes) from all over the World to collect all available Data about our Family and our Ancestors.<\/p>\n<p>If you would like to be informed about all Activities on this Site, please feel free to get our RSS Feed. The Button is located at Top of this Page.<\/p>\n<p>Please feel free to look around.<\/p>\n<p>Jan Tummoscheit<\/p>","protected":false},"excerpt":{"rendered":"<p>Endlich ist es geschafft und die Homepage erstrahlt in neuem Gewand und noch mehr Inhalten. Neben Infos zu den lebenden Mitgliedern der Familie TUMMOSCHEIT aus Berlin, erh\u00e4lt man einen \u00dcberblick \u00fcber die direkten Vorfahren unserer Familie und deren Namensvettern, welche vorwiegend aus dem ehemaligen Ostpreu\u00dfen stammen. Durch die hervorragende Forschungsarbeit meiner beiden Onkels Ferdinand und [&hellip;]<\/p>\n","protected":false},"author":1,"featured_media":0,"parent":0,"menu_order":0,"comment_status":"closed","ping_status":"closed","template":"","meta":{"footnotes":""},"class_list":["post-78","page","type-page","status-publish","hentry"],"_links":{"self":[{"href":"https:\/\/www.tummoscheit.de\/en\/wp-json\/wp\/v2\/pages\/78","targetHints":{"allow":["GET"]}}],"collection":[{"href":"https:\/\/www.tummoscheit.de\/en\/wp-json\/wp\/v2\/pages"}],"about":[{"href":"https:\/\/www.tummoscheit.de\/en\/wp-json\/wp\/v2\/types\/page"}],"author":[{"embeddable":true,"href":"https:\/\/www.tummoscheit.de\/en\/wp-json\/wp\/v2\/users\/1"}],"replies":[{"embeddable":true,"href":"https:\/\/www.tummoscheit.de\/en\/wp-json\/wp\/v2\/comments?post=78"}],"version-history":[{"count":0,"href":"https:\/\/www.tummoscheit.de\/en\/wp-json\/wp\/v2\/pages\/78\/revisions"}],"wp:attachment":[{"href":"https:\/\/www.tummoscheit.de\/en\/wp-json\/wp\/v2\/media?parent=78"}],"curies":[{"name":"wp","href":"https:\/\/api.w.org\/{rel}","templated":true}]}}